{"id":75,"date":"2021-04-15T11:58:06","date_gmt":"2021-04-15T11:58:06","guid":{"rendered":"https:\/\/ld-wp73.template-help.com\/wordpress\/prod_4441\/v1\/?page_id=75"},"modified":"2021-12-01T15:11:44","modified_gmt":"2021-12-01T18:11:44","slug":"areas-de-atuacao","status":"publish","type":"page","link":"http:\/\/www.mjadvogados.adv.br\/novo\/areas-de-atuacao\/","title":{"rendered":"\u00c1reas de Atua\u00e7\u00e3o"},"content":{"rendered":"\t\t<div data-elementor-type=\"wp-page\" data-elementor-id=\"75\" class=\"elementor elementor-75\" data-elementor-settings=\"[]\">\n\t\t\t\t\t\t\t<div class=\"elementor-section-wrap\">\n\t\t\t\t\t\t\t<section class=\"elementor-section elementor-top-section elementor-element elementor-element-bb6b4d4 elementor-section-height-min-height elementor-section-boxed elementor-section-height-default elementor-section-items-middle\" data-id=\"bb6b4d4\" data-element_type=\"section\" data-settings=\"{&quot;jet_parallax_layout_list&quot;:[{&quot;jet_parallax_layout_image&quot;:{&quot;url&quot;:&quot;&quot;,&quot;id&quot;:&quot;&quot;},&quot;_id&quot;:&quot;6a9551b&quot;,&quot;jet_parallax_layout_image_tablet&quot;:{&quot;url&quot;:&quot;&quot;,&quot;id&quot;:&quot;&quot;},&quot;jet_parallax_layout_image_mobile&quot;:{&quot;url&quot;:&quot;&quot;,&quot;id&quot;:&quot;&quot;},&quot;jet_parallax_layout_speed&quot;:{&quot;unit&quot;:&quot;%&quot;,&quot;size&quot;:50,&quot;sizes&quot;:[]},&quot;jet_parallax_layout_type&quot;:&quot;scroll&quot;,&quot;jet_parallax_layout_direction&quot;:null,&quot;jet_parallax_layout_fx_direction&quot;:null,&quot;jet_parallax_layout_z_index&quot;:&quot;&quot;,&quot;jet_parallax_layout_bg_x&quot;:50,&quot;jet_parallax_layout_bg_x_tablet&quot;:&quot;&quot;,&quot;jet_parallax_layout_bg_x_mobile&quot;:&quot;&quot;,&quot;jet_parallax_layout_bg_y&quot;:50,&quot;jet_parallax_layout_bg_y_tablet&quot;:&quot;&quot;,&quot;jet_parallax_layout_bg_y_mobile&quot;:&quot;&quot;,&quot;jet_parallax_layout_bg_size&quot;:&quot;auto&quot;,&quot;jet_parallax_layout_bg_size_tablet&quot;:&quot;&quot;,&quot;jet_parallax_layout_bg_size_mobile&quot;:&quot;&quot;,&quot;jet_parallax_layout_animation_prop&quot;:&quot;transform&quot;,&quot;jet_parallax_layout_on&quot;:[&quot;desktop&quot;,&quot;tablet&quot;]}],&quot;background_background&quot;:&quot;slideshow&quot;,&quot;background_slideshow_gallery&quot;:[{&quot;id&quot;:558,&quot;url&quot;:&quot;https:\\\/\\\/ld-wp73.template-help.com\\\/wordpress\\\/prod_4441\\\/v1\\\/wp-content\\\/uploads\\\/2021\\\/04\\\/practices_bg_01.png&quot;}],&quot;background_slideshow_loop&quot;:&quot;yes&quot;,&quot;background_slideshow_slide_duration&quot;:5000,&quot;background_slideshow_slide_transition&quot;:&quot;fade&quot;,&quot;background_slideshow_transition_duration&quot;:500}\">\n\t\t\t\t\t\t<div class=\"elementor-container elementor-column-gap-default\">\n\t\t\t\t\t<div class=\"elementor-column elementor-col-100 elementor-top-column elementor-element elementor-element-fa298c5\" data-id=\"fa298c5\" data-element_type=\"column\">\n\t\t\t<div class=\"elementor-widget-wrap elementor-element-populated\">\n\t\t\t\t\t\t\t\t<div class=\"elementor-element elementor-element-1567ac8 elementor-view-default elementor-widget elementor-widget-icon\" data-id=\"1567ac8\" data-element_type=\"widget\" data-widget_type=\"icon.default\">\n\t\t\t\t<div class=\"elementor-widget-container\">\n\t\t\t\t\t<div class=\"elementor-icon-wrapper\">\n\t\t\t<div class=\"elementor-icon\">\n\t\t\t<svg xmlns=\"http:\/\/www.w3.org\/2000\/svg\" width=\"36\" height=\"36\" viewBox=\"0 0 36 36\" fill=\"#CCA776\"><path d=\"M0 17H36V19H0V17Z\"><\/path><\/svg>\t\t\t<\/div>\n\t\t<\/div>\n\t\t\t\t<\/div>\n\t\t\t\t<\/div>\n\t\t\t\t<div class=\"elementor-element elementor-element-5ae087c elementor-widget elementor-widget-heading\" data-id=\"5ae087c\" data-element_type=\"widget\" data-widget_type=\"heading.default\">\n\t\t\t\t<div class=\"elementor-widget-container\">\n\t\t\t<h1 class=\"elementor-heading-title elementor-size-default\">\u00c1reas de Atua\u00e7\u00e3o<\/h1>\t\t<\/div>\n\t\t\t\t<\/div>\n\t\t\t\t\t<\/div>\n\t\t<\/div>\n\t\t\t\t\t\t\t<\/div>\n\t\t<\/section>\n\t\t\t\t<section class=\"elementor-section elementor-top-section elementor-element elementor-element-0a90cde elementor-section-boxed elementor-section-height-default elementor-section-height-default\" data-id=\"0a90cde\" data-element_type=\"section\" data-settings=\"{&quot;jet_parallax_layout_list&quot;:[{&quot;jet_parallax_layout_image&quot;:{&quot;url&quot;:&quot;&quot;,&quot;id&quot;:&quot;&quot;},&quot;_id&quot;:&quot;4734d56&quot;,&quot;jet_parallax_layout_image_tablet&quot;:{&quot;url&quot;:&quot;&quot;,&quot;id&quot;:&quot;&quot;},&quot;jet_parallax_layout_image_mobile&quot;:{&quot;url&quot;:&quot;&quot;,&quot;id&quot;:&quot;&quot;},&quot;jet_parallax_layout_speed&quot;:{&quot;unit&quot;:&quot;%&quot;,&quot;size&quot;:50,&quot;sizes&quot;:[]},&quot;jet_parallax_layout_type&quot;:&quot;scroll&quot;,&quot;jet_parallax_layout_direction&quot;:null,&quot;jet_parallax_layout_fx_direction&quot;:null,&quot;jet_parallax_layout_z_index&quot;:&quot;&quot;,&quot;jet_parallax_layout_bg_x&quot;:50,&quot;jet_parallax_layout_bg_x_tablet&quot;:&quot;&quot;,&quot;jet_parallax_layout_bg_x_mobile&quot;:&quot;&quot;,&quot;jet_parallax_layout_bg_y&quot;:50,&quot;jet_parallax_layout_bg_y_tablet&quot;:&quot;&quot;,&quot;jet_parallax_layout_bg_y_mobile&quot;:&quot;&quot;,&quot;jet_parallax_layout_bg_size&quot;:&quot;auto&quot;,&quot;jet_parallax_layout_bg_size_tablet&quot;:&quot;&quot;,&quot;jet_parallax_layout_bg_size_mobile&quot;:&quot;&quot;,&quot;jet_parallax_layout_animation_prop&quot;:&quot;transform&quot;,&quot;jet_parallax_layout_on&quot;:[&quot;desktop&quot;,&quot;tablet&quot;]}],&quot;background_background&quot;:&quot;slideshow&quot;,&quot;background_slideshow_gallery&quot;:[],&quot;background_slideshow_loop&quot;:&quot;yes&quot;,&quot;background_slideshow_slide_duration&quot;:5000,&quot;background_slideshow_slide_transition&quot;:&quot;fade&quot;,&quot;background_slideshow_transition_duration&quot;:500}\">\n\t\t\t\t\t\t<div class=\"elementor-container elementor-column-gap-wide\">\n\t\t\t\t\t<div class=\"elementor-column elementor-col-100 elementor-top-column elementor-element elementor-element-5196043\" data-id=\"5196043\" data-element_type=\"column\">\n\t\t\t<div class=\"elementor-widget-wrap elementor-element-populated\">\n\t\t\t\t\t\t\t\t<div class=\"elementor-element elementor-element-85a0ab2 elementor-widget__width-initial elementor-widget elementor-widget-heading\" data-id=\"85a0ab2\" data-element_type=\"widget\" data-widget_type=\"heading.default\">\n\t\t\t\t<div class=\"elementor-widget-container\">\n\t\t\t<h2 class=\"elementor-heading-title elementor-size-default\">A fim de oferecer seguran\u00e7a jur\u00eddica para a realiza\u00e7\u00e3o de neg\u00f3cios, <b>MJ ADVOGADOS ASSOCIADOS<\/b> atua nas mais variadas \u00e1reas do Direito e aposta na segmenta\u00e7\u00e3o para prestar um servi\u00e7o de excel\u00eancia aos seus clientes, com foco especial no atendimento a empresas, seja no setor privado ou p\u00fablico.<\/h2>\t\t<\/div>\n\t\t\t\t<\/div>\n\t\t\t\t<div class=\"elementor-element elementor-element-e5b8fa3 elementor-widget__width-initial elementor-widget elementor-widget-text-editor\" data-id=\"e5b8fa3\" data-element_type=\"widget\" data-widget_type=\"text-editor.default\">\n\t\t\t\t<div class=\"elementor-widget-container\">\n\t\t\t\t\t\t\t<p>Confira abaixo:<\/p>\t\t\t\t\t\t<\/div>\n\t\t\t\t<\/div>\n\t\t\t\t<div class=\"elementor-element elementor-element-5f264e6 elementor-widget elementor-widget-jet-portfolio\" data-id=\"5f264e6\" data-element_type=\"widget\" data-settings=\"{&quot;columns&quot;:&quot;3&quot;,&quot;columns_tablet&quot;:&quot;2&quot;,&quot;columns_mobile&quot;:&quot;1&quot;}\" data-widget_type=\"jet-portfolio.default\">\n\t\t\t\t<div class=\"elementor-widget-container\">\n\t\t\t<div class=\"elementor-jet-portfolio jet-elements\">\n<div class=\"jet-portfolio layout-type-grid preset-type-2 layout-desktop-column-3 layout-tablet-column-2 layout-mobile-column-1\" data-settings=\"{&quot;layoutType&quot;:&quot;grid&quot;,&quot;perPage&quot;:4}\"><div class=\"jet-portfolio__list\"><article class=\"jet-portfolio__item visible-status\" data-slug=\"{&quot;0&quot;:&quot;all&quot;}\">\n\t<div class=\"jet-portfolio__inner\">\n\t\t<a class=\"jet-portfolio__link \" href=\"http:\/\/www.mjadvogados.adv.br\/novo\/areas-de-atuacao\/direito-previdenciario\/\">\n\t\t\t<div class=\"jet-portfolio__image\">\n\t\t\t\t<img decoding=\"async\" class=\"jet-portfolio__image-instance\" src=\"http:\/\/www.mjadvogados.adv.br\/novo\/wp-content\/uploads\/2021\/11\/direito-previdenciario.jpg\" width=\"1500\" height=\"990\"  alt=\"direito-previdenciario\" loading=\"lazy\">\t\t\t\t<div class=\"jet-portfolio__image-loader\"><span><\/span><\/div>\n\t\t\t\t<div class=\"jet-portfolio__cover\"><\/div>\n\t\t\t<\/div>\n\t\t<\/a>\n\t\t<div class=\"jet-portfolio__content\">\n\t\t\t<div class=\"jet-portfolio__content-inner\"><p class=\"jet-portfolio__title\">Direito Previdenci\u00e1rio<\/p><a class=\"elementor-button elementor-size-md jet-portfolio__button\" href=\"http:\/\/www.mjadvogados.adv.br\/novo\/areas-de-atuacao\/direito-previdenciario\/\"><span class=\"jet-portfolio__button-text\">SAIBA MAIS<\/span><\/a><\/div>\n\t\t<\/div>\n\t<\/div>\n<\/article><article class=\"jet-portfolio__item visible-status\" data-slug=\"{&quot;0&quot;:&quot;all&quot;}\">\n\t<div class=\"jet-portfolio__inner\">\n\t\t<a class=\"jet-portfolio__link \" href=\"http:\/\/www.mjadvogados.adv.br\/novo\/areas-de-atuacao\/direito-tributario\/\">\n\t\t\t<div class=\"jet-portfolio__image\">\n\t\t\t\t<img decoding=\"async\" class=\"jet-portfolio__image-instance\" src=\"http:\/\/www.mjadvogados.adv.br\/novo\/wp-content\/uploads\/2021\/11\/direito-tributario-1.jpg\" width=\"2560\" height=\"1682\"  alt=\"direito-tributario\" loading=\"lazy\">\t\t\t\t<div class=\"jet-portfolio__image-loader\"><span><\/span><\/div>\n\t\t\t\t<div class=\"jet-portfolio__cover\"><\/div>\n\t\t\t<\/div>\n\t\t<\/a>\n\t\t<div class=\"jet-portfolio__content\">\n\t\t\t<div class=\"jet-portfolio__content-inner\"><p class=\"jet-portfolio__title\">Direito Tribut\u00e1rio<\/p><a class=\"elementor-button elementor-size-md jet-portfolio__button\" href=\"http:\/\/www.mjadvogados.adv.br\/novo\/areas-de-atuacao\/direito-tributario\/\"><span class=\"jet-portfolio__button-text\">SAIBA MAIS<\/span><\/a><\/div>\n\t\t<\/div>\n\t<\/div>\n<\/article><article class=\"jet-portfolio__item visible-status\" data-slug=\"{&quot;0&quot;:&quot;all&quot;}\">\n\t<div class=\"jet-portfolio__inner\">\n\t\t<a class=\"jet-portfolio__link \" href=\"http:\/\/www.mjadvogados.adv.br\/novo\/areas-de-atuacao\/direito-civil\/\">\n\t\t\t<div class=\"jet-portfolio__image\">\n\t\t\t\t<img decoding=\"async\" class=\"jet-portfolio__image-instance\" src=\"http:\/\/www.mjadvogados.adv.br\/novo\/wp-content\/uploads\/2021\/11\/direito-civil.jpg\" width=\"2121\" height=\"1414\"  alt=\"direito-civil\" loading=\"lazy\">\t\t\t\t<div class=\"jet-portfolio__image-loader\"><span><\/span><\/div>\n\t\t\t\t<div class=\"jet-portfolio__cover\"><\/div>\n\t\t\t<\/div>\n\t\t<\/a>\n\t\t<div class=\"jet-portfolio__content\">\n\t\t\t<div class=\"jet-portfolio__content-inner\"><p class=\"jet-portfolio__title\">Direito Civil<\/p><a class=\"elementor-button elementor-size-md jet-portfolio__button\" href=\"http:\/\/www.mjadvogados.adv.br\/novo\/areas-de-atuacao\/direito-civil\/\"><span class=\"jet-portfolio__button-text\">SAIBA MAIS<\/span><\/a><\/div>\n\t\t<\/div>\n\t<\/div>\n<\/article><article class=\"jet-portfolio__item visible-status\" data-slug=\"{&quot;0&quot;:&quot;all&quot;}\">\n\t<div class=\"jet-portfolio__inner\">\n\t\t<a class=\"jet-portfolio__link \" href=\"http:\/\/www.mjadvogados.adv.br\/novo\/areas-de-atuacao\/direito-comercial\/\">\n\t\t\t<div class=\"jet-portfolio__image\">\n\t\t\t\t<img decoding=\"async\" class=\"jet-portfolio__image-instance\" src=\"http:\/\/www.mjadvogados.adv.br\/novo\/wp-content\/uploads\/2021\/11\/direito-comercial.jpg\" width=\"2560\" height=\"1706\"  alt=\"direito-comercial\" loading=\"lazy\">\t\t\t\t<div class=\"jet-portfolio__image-loader\"><span><\/span><\/div>\n\t\t\t\t<div class=\"jet-portfolio__cover\"><\/div>\n\t\t\t<\/div>\n\t\t<\/a>\n\t\t<div class=\"jet-portfolio__content\">\n\t\t\t<div class=\"jet-portfolio__content-inner\"><p class=\"jet-portfolio__title\">Direito Comercial<\/p><a class=\"elementor-button elementor-size-md jet-portfolio__button\" href=\"http:\/\/www.mjadvogados.adv.br\/novo\/areas-de-atuacao\/direito-comercial\/\"><span class=\"jet-portfolio__button-text\">SAIBA MAIS<\/span><\/a><\/div>\n\t\t<\/div>\n\t<\/div>\n<\/article><article class=\"jet-portfolio__item visible-status\" data-slug=\"{&quot;0&quot;:&quot;all&quot;}\">\n\t<div class=\"jet-portfolio__inner\">\n\t\t<a class=\"jet-portfolio__link \" href=\"http:\/\/www.mjadvogados.adv.br\/novo\/areas-de-atuacao\/direito-penal\/\">\n\t\t\t<div class=\"jet-portfolio__image\">\n\t\t\t\t<img decoding=\"async\" class=\"jet-portfolio__image-instance\" src=\"http:\/\/www.mjadvogados.adv.br\/novo\/wp-content\/uploads\/2021\/11\/direito-penal.jpg\" width=\"1200\" height=\"800\"  alt=\"direito-penal\" loading=\"lazy\">\t\t\t\t<div class=\"jet-portfolio__image-loader\"><span><\/span><\/div>\n\t\t\t\t<div class=\"jet-portfolio__cover\"><\/div>\n\t\t\t<\/div>\n\t\t<\/a>\n\t\t<div class=\"jet-portfolio__content\">\n\t\t\t<div class=\"jet-portfolio__content-inner\"><p class=\"jet-portfolio__title\">Direito Penal<\/p><a class=\"elementor-button elementor-size-md jet-portfolio__button\" href=\"http:\/\/www.mjadvogados.adv.br\/novo\/areas-de-atuacao\/direito-penal\/\"><span class=\"jet-portfolio__button-text\">SAIBA MAIS<\/span><\/a><\/div>\n\t\t<\/div>\n\t<\/div>\n<\/article><article class=\"jet-portfolio__item visible-status\" data-slug=\"{&quot;0&quot;:&quot;all&quot;}\">\n\t<div class=\"jet-portfolio__inner\">\n\t\t<a class=\"jet-portfolio__link \" href=\"http:\/\/www.mjadvogados.adv.br\/novo\/areas-de-atuacao\/direito-ambiental\/\">\n\t\t\t<div class=\"jet-portfolio__image\">\n\t\t\t\t<img decoding=\"async\" class=\"jet-portfolio__image-instance\" src=\"http:\/\/www.mjadvogados.adv.br\/novo\/wp-content\/uploads\/2021\/11\/direito-ambiental.jpg\" width=\"1280\" height=\"600\"  alt=\"direito-ambiental\" loading=\"lazy\">\t\t\t\t<div class=\"jet-portfolio__image-loader\"><span><\/span><\/div>\n\t\t\t\t<div class=\"jet-portfolio__cover\"><\/div>\n\t\t\t<\/div>\n\t\t<\/a>\n\t\t<div class=\"jet-portfolio__content\">\n\t\t\t<div class=\"jet-portfolio__content-inner\"><p class=\"jet-portfolio__title\">Direito Ambiental<\/p><a class=\"elementor-button elementor-size-md jet-portfolio__button\" href=\"http:\/\/www.mjadvogados.adv.br\/novo\/areas-de-atuacao\/direito-ambiental\/\"><span class=\"jet-portfolio__button-text\">SAIBA MAIS<\/span><\/a><\/div>\n\t\t<\/div>\n\t<\/div>\n<\/article><article class=\"jet-portfolio__item visible-status\" data-slug=\"{&quot;0&quot;:&quot;all&quot;}\">\n\t<div class=\"jet-portfolio__inner\">\n\t\t<a class=\"jet-portfolio__link \" href=\"http:\/\/www.mjadvogados.adv.br\/novo\/areas-de-atuacao\/direito-eleitoral\/\">\n\t\t\t<div class=\"jet-portfolio__image\">\n\t\t\t\t<img decoding=\"async\" class=\"jet-portfolio__image-instance\" src=\"http:\/\/www.mjadvogados.adv.br\/novo\/wp-content\/uploads\/2021\/11\/direito-eleitoral.jpg\" width=\"1280\" height=\"720\"  alt=\"direito-eleitoral\" loading=\"lazy\">\t\t\t\t<div class=\"jet-portfolio__image-loader\"><span><\/span><\/div>\n\t\t\t\t<div class=\"jet-portfolio__cover\"><\/div>\n\t\t\t<\/div>\n\t\t<\/a>\n\t\t<div class=\"jet-portfolio__content\">\n\t\t\t<div class=\"jet-portfolio__content-inner\"><p class=\"jet-portfolio__title\">Direito Eleitoral<\/p><a class=\"elementor-button elementor-size-md jet-portfolio__button\" href=\"http:\/\/www.mjadvogados.adv.br\/novo\/areas-de-atuacao\/direito-eleitoral\/\"><span class=\"jet-portfolio__button-text\">SAIBA MAIS<\/span><\/a><\/div>\n\t\t<\/div>\n\t<\/div>\n<\/article><article class=\"jet-portfolio__item visible-status\" data-slug=\"{&quot;0&quot;:&quot;all&quot;}\">\n\t<div class=\"jet-portfolio__inner\">\n\t\t<a class=\"jet-portfolio__link \" href=\"http:\/\/www.mjadvogados.adv.br\/novo\/areas-de-atuacao\/direito-do-trabalho\/\">\n\t\t\t<div class=\"jet-portfolio__image\">\n\t\t\t\t<img decoding=\"async\" class=\"jet-portfolio__image-instance\" src=\"http:\/\/www.mjadvogados.adv.br\/novo\/wp-content\/uploads\/2021\/11\/direito-trabalho.jpg\" width=\"1200\" height=\"800\"  alt=\"direito-trabalho\" loading=\"lazy\">\t\t\t\t<div class=\"jet-portfolio__image-loader\"><span><\/span><\/div>\n\t\t\t\t<div class=\"jet-portfolio__cover\"><\/div>\n\t\t\t<\/div>\n\t\t<\/a>\n\t\t<div class=\"jet-portfolio__content\">\n\t\t\t<div class=\"jet-portfolio__content-inner\"><p class=\"jet-portfolio__title\">Direito do Trabalho<\/p><a class=\"elementor-button elementor-size-md jet-portfolio__button\" href=\"http:\/\/www.mjadvogados.adv.br\/novo\/areas-de-atuacao\/direito-do-trabalho\/\"><span class=\"jet-portfolio__button-text\">SAIBA MAIS<\/span><\/a><\/div>\n\t\t<\/div>\n\t<\/div>\n<\/article><article class=\"jet-portfolio__item visible-status\" data-slug=\"{&quot;0&quot;:&quot;all&quot;}\">\n\t<div class=\"jet-portfolio__inner\">\n\t\t<a class=\"jet-portfolio__link \" href=\"http:\/\/www.mjadvogados.adv.br\/novo\/areas-de-atuacao\/etica-profissional\/\">\n\t\t\t<div class=\"jet-portfolio__image\">\n\t\t\t\t<img decoding=\"async\" class=\"jet-portfolio__image-instance\" src=\"http:\/\/www.mjadvogados.adv.br\/novo\/wp-content\/uploads\/2021\/11\/etica-profissional.jpg\" width=\"1200\" height=\"675\"  alt=\"etica-profissional\" loading=\"lazy\">\t\t\t\t<div class=\"jet-portfolio__image-loader\"><span><\/span><\/div>\n\t\t\t\t<div class=\"jet-portfolio__cover\"><\/div>\n\t\t\t<\/div>\n\t\t<\/a>\n\t\t<div class=\"jet-portfolio__content\">\n\t\t\t<div class=\"jet-portfolio__content-inner\"><p class=\"jet-portfolio__title\">\u00c9tica Profissional<\/p><a class=\"elementor-button elementor-size-md jet-portfolio__button\" href=\"http:\/\/www.mjadvogados.adv.br\/novo\/areas-de-atuacao\/etica-profissional\/\"><span class=\"jet-portfolio__button-text\">SAIBA MAIS<\/span><\/a><\/div>\n\t\t<\/div>\n\t<\/div>\n<\/article><\/div><\/div>\n<\/div>\t\t<\/div>\n\t\t\t\t<\/div>\n\t\t\t\t\t<\/div>\n\t\t<\/div>\n\t\t\t\t\t\t\t<\/div>\n\t\t<\/section>\n\t\t\t\t\t\t<\/div>\n\t\t\t\t\t<\/div>\n\t\t","protected":false},"excerpt":{"rendered":"<p>\u00c1reas de Atua\u00e7\u00e3o A fim de oferecer seguran\u00e7a jur\u00eddica para a realiza\u00e7\u00e3o de neg\u00f3cios, MJ ADVOGADOS ASSOCIADOS atua nas mais variadas \u00e1reas do Direito e aposta na segmenta\u00e7\u00e3o para prestar um servi\u00e7o de excel\u00eancia aos seus clientes, com foco especial no atendimento a empresas, seja no setor privado ou p\u00fablico. Confira abaixo: Direito Previdenci\u00e1rio SAIBA [&hellip;]<\/p>\n","protected":false},"author":1,"featured_media":0,"parent":0,"menu_order":0,"comment_status":"closed","ping_status":"closed","template":"elementor_header_footer","meta":[],"_links":{"self":[{"href":"http:\/\/www.mjadvogados.adv.br\/novo\/wp-json\/wp\/v2\/pages\/75"}],"collection":[{"href":"http:\/\/www.mjadvogados.adv.br\/novo\/wp-json\/wp\/v2\/pages"}],"about":[{"href":"http:\/\/www.mjadvogados.adv.br\/novo\/wp-json\/wp\/v2\/types\/page"}],"author":[{"embeddable":true,"href":"http:\/\/www.mjadvogados.adv.br\/novo\/wp-json\/wp\/v2\/users\/1"}],"replies":[{"embeddable":true,"href":"http:\/\/www.mjadvogados.adv.br\/novo\/wp-json\/wp\/v2\/comments?post=75"}],"version-history":[{"count":26,"href":"http:\/\/www.mjadvogados.adv.br\/novo\/wp-json\/wp\/v2\/pages\/75\/revisions"}],"predecessor-version":[{"id":3875,"href":"http:\/\/www.mjadvogados.adv.br\/novo\/wp-json\/wp\/v2\/pages\/75\/revisions\/3875"}],"wp:attachment":[{"href":"http:\/\/www.mjadvogados.adv.br\/novo\/wp-json\/wp\/v2\/media?parent=75"}],"curies":[{"name":"wp","href":"https:\/\/api.w.org\/{rel}","templated":true}]}}